{"id":5,"date":"2023-04-18T03:54:10","date_gmt":"2023-04-18T03:54:10","guid":{"rendered":"https:\/\/nivelador-laser.com\/?page_id=5"},"modified":"2023-04-18T03:54:10","modified_gmt":"2023-04-18T03:54:10","slug":"nivelador-laser","status":"publish","type":"page","link":"https:\/\/nivelador-laser.com\/","title":{"rendered":"Nivelador L\u00e1ser"},"content":{"rendered":"\n<figure class=\"wp-block-image size-full\"><img decoding=\"async\" loading=\"lazy\" width=\"712\" height=\"600\" src=\"https:\/\/nivelador-laser.com\/wp-content\/uploads\/2023\/04\/Nivel-laser-de-lineas-GLL-3-80-P-Bosch-Professional.png\" alt=\"\" class=\"wp-image-7\" srcset=\"https:\/\/nivelador-laser.com\/wp-content\/uploads\/2023\/04\/Nivel-laser-de-lineas-GLL-3-80-P-Bosch-Professional.png 712w, https:\/\/nivelador-laser.com\/wp-content\/uploads\/2023\/04\/Nivel-laser-de-lineas-GLL-3-80-P-Bosch-Professional-300x253.png 300w\" sizes=\"(max-width: 712px) 100vw, 712px\" \/><\/figure>\n\n\n\n<p>\u00bfQu\u00e9 es un nivel l\u00e1ser?<\/p>\n\n\n\n<p>Un nivelador l\u00e1ser es una herramienta que sirve para medir y nivelar de forma precisa distintas superficies planas, ya sean suelo, paredes o techos, o distintos elementos que se quieran alinear perfectamente, tales como cuadros, espejos, pilares, o cualquier objeto decorativo. Tambi\u00e9n permite calcular \u00e1ngulos al proyectar l\u00edneas en distintas direcciones. Se considera una de las maneras m\u00e1s f\u00e1ciles y precisas para alinear y nivelar objetos y superficies.<\/p>\n\n\n\n<p>Usos de un nivelador l\u00e1ser.<\/p>\n\n\n\n<p>Hasta hace poco la tecnolog\u00eda l\u00e1ser era costosa y se utilizaba principalmente de forma profesional en la industria de la construcci\u00f3n y la topograf\u00eda, pero actualmente es una herramienta de amplio uso en trabajos hogare\u00f1os de bricolaje, carpinter\u00eda, fontaner\u00eda y decoraci\u00f3n.<\/p>\n\n\n\n<p>Algunos de sus usos dom\u00e9sticos m\u00e1s comunes son los siguientes:<\/p>\n\n\n\n<ul>\n<li>La alineaci\u00f3n de azulejos, cer\u00e1micas o baldosas: Con un nivelador l\u00e1ser puedes comprobar que la superficie sobre la que instalar\u00e1s los azulejos est\u00e1 pareja, y adem\u00e1s que estos est\u00e9n nivelados y rectos antes de aplicar el adhesivo.<\/li>\n\n\n\n<li>Colgar cuadros: Con un nivel l\u00e1ser te aseguras de que los cuadros est\u00e9n colgados de una forma recta y uniforme entre ellos.<\/li>\n\n\n\n<li>Instalar cortina: Con un nivelador l\u00e1ser te aseguras de que la barra de las cortinas est\u00e9 perfectamente alineada con las ventanas y el techo.<\/li>\n\n\n\n<li>Colocar papel tapiz o papel decomural: Con un nivelador l\u00e1ser compruebas que el papel mural no est\u00e9 chueco ni desalineado al momento de pegarlo.<\/li>\n\n\n\n<li>Colocar estantes: Con un nivel l\u00e1ser te aseguras de instalar la estanter\u00eda de tu hogar de una forma recta, nivelada y equidistante.<\/li>\n\n\n\n<li>Instalaci\u00f3n de l\u00e1mparas y luces empotradas: Un nivel l\u00e1ser puede ayudarte a que la luminaria sea instalada en una perfecta l\u00ednea recta y a una distancia uniforme.<\/li>\n<\/ul>\n","protected":false},"excerpt":{"rendered":"<p>\u00bfQu\u00e9 es un nivel l\u00e1ser? Un nivelador l\u00e1ser es una herramienta que sirve para medir y nivelar de forma precisa distintas superficies planas, ya sean suelo, paredes o techos, o distintos elementos que se quieran alinear perfectamente, tales como cuadros, espejos, pilares, o cualquier objeto decorativo. Tambi\u00e9n permite calcular \u00e1ngulos al proyectar l\u00edneas en distintas [&hellip;]<\/p>\n","protected":false},"author":1,"featured_media":0,"parent":0,"menu_order":0,"comment_status":"closed","ping_status":"closed","template":"","meta":[],"_links":{"self":[{"href":"https:\/\/nivelador-laser.com\/index.php\/wp-json\/wp\/v2\/pages\/5"}],"collection":[{"href":"https:\/\/nivelador-laser.com\/index.php\/wp-json\/wp\/v2\/pages"}],"about":[{"href":"https:\/\/nivelador-laser.com\/index.php\/wp-json\/wp\/v2\/types\/page"}],"author":[{"embeddable":true,"href":"https:\/\/nivelador-laser.com\/index.php\/wp-json\/wp\/v2\/users\/1"}],"replies":[{"embeddable":true,"href":"https:\/\/nivelador-laser.com\/index.php\/wp-json\/wp\/v2\/comments?post=5"}],"version-history":[{"count":1,"href":"https:\/\/nivelador-laser.com\/index.php\/wp-json\/wp\/v2\/pages\/5\/revisions"}],"predecessor-version":[{"id":8,"href":"https:\/\/nivelador-laser.com\/index.php\/wp-json\/wp\/v2\/pages\/5\/revisions\/8"}],"wp:attachment":[{"href":"https:\/\/nivelador-laser.com\/index.php\/wp-json\/wp\/v2\/media?parent=5"}],"curies":[{"name":"wp","href":"https:\/\/api.w.org\/{rel}","templated":true}]}}